{"id":143,"date":"2024-03-09T13:42:41","date_gmt":"2024-03-09T13:42:41","guid":{"rendered":"https:\/\/kentatheme.com\/kenta-creato\/?page_id=143"},"modified":"2024-12-02T05:30:06","modified_gmt":"2024-12-02T05:30:06","slug":"about","status":"publish","type":"page","link":"https:\/\/spanishsocialclub.com\/index.php\/about\/","title":{"rendered":"About"},"content":{"rendered":"\n<div class=\"wp-block-cover alignfull has-custom-content-position is-position-bottom-center\" style=\"padding-top:var(--wp--preset--spacing--70);padding-bottom:var(--wp--preset--spacing--70);min-height:400px\"><span aria-hidden=\"true\" class=\"wp-block-cover__background has-black-background-color has-background-dim-60 has-background-dim\"><\/span><img decoding=\"async\" loading=\"lazy\" width=\"1920\" height=\"1277\" class=\"wp-block-cover__image-background wp-image-81\" alt=\"\" src=\"https:\/\/spanishsocialclub.com\/wp-content\/uploads\/2024\/03\/hero-background.jpg\" style=\"object-position:48% 75%\" data-object-fit=\"cover\" data-object-position=\"48% 75%\" srcset=\"https:\/\/spanishsocialclub.com\/wp-content\/uploads\/2024\/03\/hero-background.jpg 1920w, https:\/\/spanishsocialclub.com\/wp-content\/uploads\/2024\/03\/hero-background-300x200.jpg 300w, https:\/\/spanishsocialclub.com\/wp-content\/uploads\/2024\/03\/hero-background-1024x681.jpg 1024w, https:\/\/spanishsocialclub.com\/wp-content\/uploads\/2024\/03\/hero-background-768x511.jpg 768w, https:\/\/spanishsocialclub.com\/wp-content\/uploads\/2024\/03\/hero-background-1536x1022.jpg 1536w\" sizes=\"(max-width: 1920px) 100vw, 1920px\" \/><div class=\"wp-block-cover__inner-container is-layout-constrained wp-block-cover-is-layout-constrained\">\n<div class=\"wp-block-group is-content-justification-center is-layout-constrained wp-container-1 wp-block-group-is-layout-constrained\"><h1 class=\"has-text-align-center has-link-color has-text-color has-white-color wp-block-post-title has-kenta-font-xlarge-font-size wp-elements-0f7d1e4dd4fe1780e1a44df86538a008\">About<\/h1>\n\n\n<p class=\"has-text-align-center has-text-color has-link-color wp-elements-a93ff35790f301c830357763bba78492\" style=\"color:#ffffff99\"><\/p>\n<\/div>\n<\/div><\/div>\n\n\n\n<div class=\"wp-block-kenta-blocks-cover alignfull kb-cover-69aed6e9 kb-cover kb-cover-has-overlay\"><div class=\"kb-cover-inner-container\">\n<div class=\"wp-block-kenta-blocks-section kb-section-07c3efae kb-section\">\n<div class=\"wp-block-kenta-blocks-column kb-column-wrapper kb-column-wrapper-617e4815\"><div class=\"kb-column kb-column-617e4815\"><div class=\"kb-column-content\">\n<div class=\"wp-block-kenta-blocks-paragraph kb-paragraph kb-paragraph-12f43e83\"><p class=\"\">What we provide<\/p><\/div>\n\n\n\n<div class=\"wp-block-kenta-blocks-heading kb-heading kb-heading-h2 kb-heading-0e48cd90\"><h2 class=\"\">Espacio global, agradable y motivador<\/h2><\/div>\n\n\n\n<p>En <strong>Spanish Social Club<\/strong>, se fomenta un ambiente de apoyo donde los participantes pueden compartir sus experiencias y desaf\u00edos, facilitando as\u00ed un aprendizaje m\u00e1s efectivo y motivador<\/p>\n\n\n\n<div class=\"wp-block-kenta-blocks-row kb-row-2b0027fb kb-row\"><div class=\"kb-row-inner-container\">\n<div class=\"wp-block-kenta-blocks-icon kb-icon kb-icon-3a70c332\"><div class=\"kb-icon-wrap\"><i class=\"fas fa-check\"><\/i><\/div><\/div>\n\n\n\n<div class=\"wp-block-kenta-blocks-paragraph kb-paragraph kb-paragraph-2c71e018\"><p class=\"\">Grupo multicultural<\/p><\/div>\n<\/div><\/div>\n\n\n\n<div class=\"wp-block-kenta-blocks-row kb-row-ad1e8818 kb-row\"><div class=\"kb-row-inner-container\">\n<div class=\"wp-block-kenta-blocks-icon kb-icon kb-icon-96534438\"><div class=\"kb-icon-wrap\"><i class=\"fas fa-check\"><\/i><\/div><\/div>\n\n\n\n<div class=\"wp-block-kenta-blocks-paragraph kb-paragraph kb-paragraph-8b015b35\"><p class=\"\">Motivaci\u00f3n al m\u00e1ximo <\/p><\/div>\n<\/div><\/div>\n\n\n\n<div class=\"wp-block-kenta-blocks-row kb-row-bd338a31 kb-row\"><div class=\"kb-row-inner-container\">\n<div class=\"wp-block-kenta-blocks-icon kb-icon kb-icon-d6fcf9ff\"><div class=\"kb-icon-wrap\"><i class=\"fas fa-check\"><\/i><\/div><\/div>\n\n\n\n<div class=\"wp-block-kenta-blocks-paragraph kb-paragraph kb-paragraph-99354aa2\"><p class=\"\">Aprendizaje cont\u00ednuo<\/p><\/div>\n<\/div><\/div>\n\n\n\n<div style=\"height:24px\" aria-hidden=\"true\" class=\"wp-block-spacer\"><\/div>\n\n\n\n<div class=\"wp-block-kenta-blocks-buttons kb-buttons kb-buttons-fc31ae7e\"><\/div>\n<\/div><\/div><\/div>\n\n\n\n<div class=\"wp-block-kenta-blocks-column kb-column-wrapper kb-column-wrapper-2326c821\"><div class=\"kb-column kb-column-2326c821\"><div class=\"kb-column-content\">\n<figure class=\"wp-block-kenta-blocks-image kb-image kb-image-d6f2892d\"><img decoding=\"async\" src=\"https:\/\/spanishsocialclub.com\/wp-content\/uploads\/2024\/03\/iss040e087419large.jpg\" alt=\"\"\/><\/figure>\n<\/div><\/div><\/div>\n<\/div>\n\n\n\n<div style=\"height:48px\" aria-hidden=\"true\" class=\"wp-block-spacer\"><\/div>\n\n\n\n<hr class=\"wp-block-kenta-blocks-separator kb-separator-9ddb7563 kb-separator\"\/>\n\n\n\n<div class=\"wp-block-kenta-blocks-section kb-section-6bb0685d kb-section\">\n<div class=\"wp-block-kenta-blocks-column kb-column-wrapper kb-column-wrapper-1c346c2e\"><div class=\"kb-column kb-column-1c346c2e\"><div class=\"kb-column-content\">\n<div class=\"wp-block-kenta-blocks-heading kb-heading kb-heading-h3 kb-heading-39dc7893\"><h3 class=\"\">Benefits VIP classes<\/h3><\/div>\n\n\n\n<div class=\"wp-block-kenta-blocks-row kb-row-55d8419e kb-row\"><div class=\"kb-row-inner-container\">\n<div class=\"wp-block-kenta-blocks-icon kb-icon kb-icon-0b2aed6b\"><div class=\"kb-icon-wrap\"><i class=\"fas fa-bolt\"><\/i><\/div><\/div>\n\n\n\n<div class=\"wp-block-kenta-blocks-paragraph kb-paragraph kb-paragraph-7b90fc58\"><p class=\"\">Personal Class<\/p><\/div>\n<\/div><\/div>\n\n\n\n<div class=\"wp-block-kenta-blocks-row kb-row-cf1d4826 kb-row\"><div class=\"kb-row-inner-container\">\n<div class=\"wp-block-kenta-blocks-icon kb-icon kb-icon-2bdd844e\"><div class=\"kb-icon-wrap\"><i class=\"fas fa-bolt\"><\/i><\/div><\/div>\n\n\n\n<div class=\"wp-block-kenta-blocks-paragraph kb-paragraph kb-paragraph-ee004d13\"><p class=\"\">Simple Language<\/p><\/div>\n<\/div><\/div>\n\n\n\n<div class=\"wp-block-kenta-blocks-row kb-row-b21cdbc8 kb-row\"><div class=\"kb-row-inner-container\">\n<div class=\"wp-block-kenta-blocks-icon kb-icon kb-icon-6d02d1e4\"><div class=\"kb-icon-wrap\"><i class=\"fas fa-bolt\"><\/i><\/div><\/div>\n\n\n\n<div class=\"wp-block-kenta-blocks-paragraph kb-paragraph kb-paragraph-733d31e8\"><p class=\"\">Online Training<\/p><\/div>\n<\/div><\/div>\n\n\n\n<div class=\"wp-block-kenta-blocks-row kb-row-e30e4e2b kb-row\"><div class=\"kb-row-inner-container\">\n<div class=\"wp-block-kenta-blocks-icon kb-icon kb-icon-4d9efc5c\"><div class=\"kb-icon-wrap\"><i class=\"fas fa-bolt\"><\/i><\/div><\/div>\n\n\n\n<div class=\"wp-block-kenta-blocks-paragraph kb-paragraph kb-paragraph-30b5e92f\"><p class=\"\">Lifetime Academy Access<\/p><\/div>\n<\/div><\/div>\n\n\n\n<div class=\"wp-block-kenta-blocks-row kb-row-25d510af kb-row\"><div class=\"kb-row-inner-container\">\n<div class=\"wp-block-kenta-blocks-icon kb-icon kb-icon-5ae587a0\"><div class=\"kb-icon-wrap\"><i class=\"fas fa-bolt\"><\/i><\/div><\/div>\n\n\n\n<div class=\"wp-block-kenta-blocks-paragraph kb-paragraph kb-paragraph-d516c70d\"><p class=\"\">Focus on person<\/p><\/div>\n<\/div><\/div>\n<\/div><\/div><\/div>\n\n\n\n<div class=\"wp-block-kenta-blocks-column kb-column-wrapper kb-column-wrapper-88daca7a\"><div class=\"kb-column kb-column-88daca7a\"><div class=\"kb-column-content\">\n<div class=\"wp-block-kenta-blocks-heading kb-heading kb-heading-h3 kb-heading-d06c199f\"><h3 class=\"\">Values<\/h3><\/div>\n\n\n\n<div class=\"wp-block-kenta-blocks-row kb-row-0021f48f kb-row\"><div class=\"kb-row-inner-container\">\n<div class=\"wp-block-kenta-blocks-icon kb-icon kb-icon-3f661af0\"><div class=\"kb-icon-wrap\"><i class=\"fas fa-crown\"><\/i><\/div><\/div>\n\n\n\n<div class=\"wp-block-kenta-blocks-paragraph kb-paragraph kb-paragraph-052eed37\"><p class=\"\">Open Communication<\/p><\/div>\n<\/div><\/div>\n\n\n\n<div class=\"wp-block-kenta-blocks-row kb-row-b42be89a kb-row\"><div class=\"kb-row-inner-container\">\n<div class=\"wp-block-kenta-blocks-icon kb-icon kb-icon-992fe51a\"><div class=\"kb-icon-wrap\"><i class=\"fas fa-crown\"><\/i><\/div><\/div>\n\n\n\n<div class=\"wp-block-kenta-blocks-paragraph kb-paragraph kb-paragraph-c389c93e\"><p class=\"\">Teamwork<\/p><\/div>\n<\/div><\/div>\n\n\n\n<div class=\"wp-block-kenta-blocks-row kb-row-d42eccdf kb-row\"><div class=\"kb-row-inner-container\">\n<div class=\"wp-block-kenta-blocks-icon kb-icon kb-icon-fa8b763a\"><div class=\"kb-icon-wrap\"><i class=\"fas fa-crown\"><\/i><\/div><\/div>\n\n\n\n<div class=\"wp-block-kenta-blocks-paragraph kb-paragraph kb-paragraph-4df2340e\"><p class=\"\">Social Commitment<\/p><\/div>\n<\/div><\/div>\n\n\n\n<div class=\"wp-block-kenta-blocks-row kb-row-23b1085a kb-row\"><div class=\"kb-row-inner-container\">\n<div class=\"wp-block-kenta-blocks-icon kb-icon kb-icon-e171f061\"><div class=\"kb-icon-wrap\"><i class=\"fas fa-crown\"><\/i><\/div><\/div>\n\n\n\n<div class=\"wp-block-kenta-blocks-paragraph kb-paragraph kb-paragraph-3280d69c\"><p class=\"\">Inclusion and Diversity <\/p><\/div>\n<\/div><\/div>\n\n\n\n<div class=\"wp-block-kenta-blocks-row kb-row-9ba64d6c kb-row\"><div class=\"kb-row-inner-container\">\n<div class=\"wp-block-kenta-blocks-icon kb-icon kb-icon-e423eb5e\"><div class=\"kb-icon-wrap\"><i class=\"fas fa-crown\"><\/i><\/div><\/div>\n\n\n\n<div class=\"wp-block-kenta-blocks-paragraph kb-paragraph kb-paragraph-80fc82f3\"><p class=\"\">Continuous Learning<\/p><\/div>\n<\/div><\/div>\n<\/div><\/div><\/div>\n\n\n\n<div class=\"wp-block-kenta-blocks-column kb-column-wrapper kb-column-wrapper-2e9ba3a8\"><div class=\"kb-column kb-column-2e9ba3a8\"><div class=\"kb-column-content\">\n<figure class=\"wp-block-kenta-blocks-image kb-image kb-image-4717cd22\"><img decoding=\"async\" src=\"https:\/\/spanishsocialclub.com\/wp-content\/uploads\/2024\/04\/section-03.jpg\" alt=\"\"\/><\/figure>\n<\/div><\/div><\/div>\n<\/div>\n<\/div><\/div>\n\n\n\n<div class=\"wp-block-kenta-blocks-cover alignfull kb-cover-7547d8df kb-cover\"><div class=\"kb-cover-inner-container\"><\/div><\/div>\n","protected":false},"excerpt":{"rendered":"","protected":false},"author":1,"featured_media":0,"parent":0,"menu_order":0,"comment_status":"closed","ping_status":"closed","template":"","meta":{"site-container-style":"default","site-container-layout":"default","site-sidebar-layout":"default","site-transparent-header":"enable","prose-style":"enable","disable-article-header":"yes","disable-site-header":"default","disable-site-footer":"default","disable-content-area-spacing":"default","footnotes":""},"_links":{"self":[{"href":"https:\/\/spanishsocialclub.com\/index.php\/wp-json\/wp\/v2\/pages\/143"}],"collection":[{"href":"https:\/\/spanishsocialclub.com\/index.php\/wp-json\/wp\/v2\/pages"}],"about":[{"href":"https:\/\/spanishsocialclub.com\/index.php\/wp-json\/wp\/v2\/types\/page"}],"author":[{"embeddable":true,"href":"https:\/\/spanishsocialclub.com\/index.php\/wp-json\/wp\/v2\/users\/1"}],"replies":[{"embeddable":true,"href":"https:\/\/spanishsocialclub.com\/index.php\/wp-json\/wp\/v2\/comments?post=143"}],"version-history":[{"count":2,"href":"https:\/\/spanishsocialclub.com\/index.php\/wp-json\/wp\/v2\/pages\/143\/revisions"}],"predecessor-version":[{"id":218,"href":"https:\/\/spanishsocialclub.com\/index.php\/wp-json\/wp\/v2\/pages\/143\/revisions\/218"}],"wp:attachment":[{"href":"https:\/\/spanishsocialclub.com\/index.php\/wp-json\/wp\/v2\/media?parent=143"}],"curies":[{"name":"wp","href":"https:\/\/api.w.org\/{rel}","templated":true}]}}